{"id":8858,"date":"2025-12-17T11:19:04","date_gmt":"2025-12-17T17:19:04","guid":{"rendered":"https:\/\/pacificdreamsrealtycr.com\/?page_id=8858"},"modified":"2025-12-17T11:41:43","modified_gmt":"2025-12-17T17:41:43","slug":"buyer-representation","status":"publish","type":"page","link":"https:\/\/pacificdreamsrealtycr.com\/es\/buyer-representation\/","title":{"rendered":"Su Defensor en el Para\u00edso: Representaci\u00f3n Profesional del Comprador"},"content":{"rendered":"<div data-elementor-type=\"wp-page\" data-elementor-id=\"8858\" class=\"elementor elementor-8858\">\n\t\t\t\t<div class=\"elementor-element elementor-element-a3ed127 e-flex e-con-boxed e-con e-parent\" data-id=\"a3ed127\" data-element_type=\"container\" data-e-type=\"container\">\n\t\t\t\t\t<div class=\"e-con-inner\">\n\t\t<div class=\"elementor-element elementor-element-d2b2f09 e-con-full e-flex e-con e-child\" data-id=\"d2b2f09\" data-element_type=\"container\" data-e-type=\"container\">\n\t\t\t\t<div class=\"elementor-element elementor-element-a6fdfc8 elementor-widget elementor-widget-image\" data-id=\"a6fdfc8\" data-element_type=\"widget\" data-e-type=\"widget\" data-widget_type=\"image.default\">\n\t\t\t\t\t\t\t\t\t\t\t\t\t\t\t<img fetchpriority=\"high\" decoding=\"async\" width=\"500\" height=\"500\" src=\"https:\/\/pacificdreamsrealtycr.com\/wp-content\/uploads\/2025\/12\/Buyer-rep-1.webp\" class=\"attachment-large size-large wp-image-8817\" alt=\"\" srcset=\"https:\/\/pacificdreamsrealtycr.com\/wp-content\/uploads\/2025\/12\/Buyer-rep-1.webp 500w, https:\/\/pacificdreamsrealtycr.com\/wp-content\/uploads\/2025\/12\/Buyer-rep-1-12x12.webp 12w\" sizes=\"(max-width: 500px) 100vw, 500px\" \/>\t\t\t\t\t\t\t\t\t\t\t\t\t\t\t<\/div>\n\t\t\t\t<\/div>\n\t\t<div class=\"elementor-element elementor-element-368e168 e-con-full e-flex e-con e-child\" data-id=\"368e168\" data-element_type=\"container\" data-e-type=\"container\">\n\t\t\t\t<div class=\"elementor-element elementor-element-0e34ea0 elementor-widget elementor-widget-text-editor\" data-id=\"0e34ea0\" data-element_type=\"widget\" data-e-type=\"widget\" data-widget_type=\"text-editor.default\">\n\t\t\t\t\t\t\t\t\t<p data-path-to-node=\"6\">Comprar una propiedad en Costa Rica es una aventura emocionante, pero requiere un socio que est\u00e9 100% de su lado. Muchos compradores asumen que pueden llamar al n\u00famero en el letrero de \"Se Vende\", sin darse cuenta de que el agente listador est\u00e1 legalmente contratado para defender los <i>intereses del vendedor,<\/i> no los suyos.<\/p><p data-path-to-node=\"7\">En Pacific Dreams Realty, cerramos esa brecha. Brindamos una Representaci\u00f3n del Comprador dedicada, lo que significa que trabajamos \u00fanicamente para usted. Nuestro objetivo es proteger su inversi\u00f3n, navegar por el panorama legal y negociar el mejor precio y t\u00e9rminos posibles en su nombre.<\/p>\t\t\t\t\t\t\t\t<\/div>\n\t\t\t\t<\/div>\n\t\t\t\t\t<\/div>\n\t\t\t\t<\/div>\n\t\t<div class=\"elementor-element elementor-element-dc5ea5a e-grid e-con-boxed e-con e-parent\" data-id=\"dc5ea5a\" data-element_type=\"container\" data-e-type=\"container\">\n\t\t\t\t\t<div class=\"e-con-inner\">\n\t\t\t\t<div class=\"elementor-element elementor-element-77ffd91 elementor-widget elementor-widget-heading\" data-id=\"77ffd91\" data-element_type=\"widget\" data-e-type=\"widget\" data-widget_type=\"heading.default\">\n\t\t\t\t\t<h2 class=\"elementor-heading-title elementor-size-default\">\u00bfPor qu\u00e9 nosotros?<\/h2>\t\t\t\t<\/div>\n\t\t\t\t\t<\/div>\n\t\t\t\t<\/div>\n\t\t<div class=\"elementor-element elementor-element-bb8ec33 e-flex e-con-boxed e-con e-parent\" data-id=\"bb8ec33\" data-element_type=\"container\" data-e-type=\"container\">\n\t\t\t\t\t<div class=\"e-con-inner\">\n\t\t\t\t<div class=\"elementor-element elementor-element-87deab5 elementor-widget elementor-widget-text-editor\" data-id=\"87deab5\" data-element_type=\"widget\" data-e-type=\"widget\" data-widget_type=\"text-editor.default\">\n\t\t\t\t\t\t\t\t\t<p data-path-to-node=\"9\"><b>Desbloqueando Todo el Mercado<\/b> Encontrar su propiedad perfecta requiere m\u00e1s que simplemente navegar por sitios web p\u00fablicos. Utilizamos recursos poderosos para garantizar que vea todas las opciones disponibles:<\/p><ul data-path-to-node=\"10\"><li><p data-path-to-node=\"10,0,0\"><b>Acceso Oficial al MLS:<\/b> Estamos conectados al Servicio de Listado M\u00faltiple (MLS), lo que le brinda acceso en tiempo real a la base de datos de propiedades m\u00e1s confiable del pa\u00eds.<\/p><\/li><li><p data-path-to-node=\"10,1,0\"><b>Una Vasta Red de Agentes:<\/b> Aunque nos especializamos en el Pac\u00edfico Central, nuestras relaciones se extienden por todo Costa Rica. Tenemos una red de agentes de confianza en cada provincia, lo que nos permite ser su \u00fanico punto de contacto sin importar a d\u00f3nde lo lleve su b\u00fasqueda.<\/p><\/li><li><p data-path-to-node=\"10,2,0\"><b>Joyas Ocultas:<\/b> Nuestras conexiones locales a menudo nos dan acceso a \"pocket listings\": propiedades que est\u00e1n a la venta pero que a\u00fan no se anuncian p\u00fablicamente.<\/p><\/li><\/ul><h3 data-path-to-node=\"11\">\u00a0<\/h3>\t\t\t\t\t\t\t\t<\/div>\n\t\t\t\t\t<\/div>\n\t\t\t\t<\/div>\n\t\t<div class=\"elementor-element elementor-element-154675b e-flex e-con-boxed e-con e-parent\" data-id=\"154675b\" data-element_type=\"container\" data-e-type=\"container\">\n\t\t\t\t\t<div class=\"e-con-inner\">\n\t\t\t\t<div class=\"elementor-element elementor-element-8f47ba5 elementor-widget elementor-widget-text-editor\" data-id=\"8f47ba5\" data-element_type=\"widget\" data-e-type=\"widget\" data-widget_type=\"text-editor.default\">\n\t\t\t\t\t\t\t\t\t<p data-path-to-node=\"12\"><b>Negociando a Su Favor<\/b> Los bienes ra\u00edces son probablemente una de las transacciones financieras m\u00e1s grandes de su vida. Usted merece un experto en la mesa que luche por <i>usted,<\/i>.<\/p><ul data-path-to-node=\"13\"><li><p data-path-to-node=\"13,0,0\"><b>Asesoramiento Objetivo:<\/b> Dado que lo representamos a usted, brindamos comentarios imparciales sobre los valores de la propiedad, las posibles desventajas y las tendencias del mercado.<\/p><\/li><li><p data-path-to-node=\"13,1,0\"><b>Ofertas Estrat\u00e9gicas:<\/b> Le ayudamos a elaborar ofertas competitivas pero protectoras, utilizando nuestros datos de mercado para evitar que pague de m\u00e1s.<\/p><\/li><li><p data-path-to-node=\"13,2,0\"><b>Cierre con Confianza:<\/b> Desde la oferta inicial hasta la firma final, coordinamos con abogados, inspectores y agentes de custodia (escrow) para garantizar una transacci\u00f3n segura y fluida.<\/p><\/li><\/ul><h3 data-path-to-node=\"14\">\u00a0<\/h3>\t\t\t\t\t\t\t\t<\/div>\n\t\t\t\t\t<\/div>\n\t\t\t\t<\/div>\n\t\t<div class=\"elementor-element elementor-element-b4518a2 e-flex e-con-boxed e-con e-parent\" data-id=\"b4518a2\" data-element_type=\"container\" data-e-type=\"container\">\n\t\t\t\t\t<div class=\"e-con-inner\">\n\t\t\t\t<div class=\"elementor-element elementor-element-05ba073 elementor-widget elementor-widget-text-editor\" data-id=\"05ba073\" data-element_type=\"widget\" data-e-type=\"widget\" data-widget_type=\"text-editor.default\">\n\t\t\t\t\t\t\t\t\t<p><b>\u00bfListo para encontrar su pedazo de Pura Vida?<\/b> Perm\u00edtanos hacer el trabajo pesado. Cont\u00e1ctenos hoy para una consulta gratuita sobre sus objetivos inmobiliarios.<\/p>\t\t\t\t\t\t\t\t<\/div>\n\t\t\t\t\t<\/div>\n\t\t\t\t<\/div>\n\t\t<div class=\"elementor-element elementor-element-37c5a74 e-flex e-con-boxed e-con e-parent\" data-id=\"37c5a74\" data-element_type=\"container\" data-e-type=\"container\">\n\t\t\t\t\t<div class=\"e-con-inner\">\n\t\t\t\t<div class=\"elementor-element elementor-element-fd08e2e elementor-button-align-stretch elementor-widget elementor-widget-houzez_elementor_contact_form\" data-id=\"fd08e2e\" data-element_type=\"widget\" data-e-type=\"widget\" data-widget_type=\"houzez_elementor_contact_form.default\">\n\t\t\t\t<div class=\"elementor-widget-container\">\n\t\t\t\t\t\n        <script type=\"application\/javascript\">\n            jQuery(document).bind(\"ready\", function () {\n                houzezValidateElementor(\"#houzez-form-fd08e2e\" );\n            });\n        <\/script>\n\n        <form class=\"elementor-form houzez-ele-form-js\" id=\"houzez-form-fd08e2e\" method=\"post\" name=\"New Form\" action=\"https:\/\/pacificdreamsrealtycr.com\/wp-admin\/admin-ajax.php\">\n            <input type=\"hidden\" name=\"form_id\" value=\"fd08e2e\"\/>\n            <input type=\"hidden\" name=\"houzez_contact_form\" value=\"yes\"\/>\n            <input type=\"hidden\" name=\"action\" value=\"houzez_ele_contact_form\" \/>\n            <input type=\"hidden\" name=\"source_link\" value=\"https:\/\/pacificdreamsrealtycr.com\/es\/buyer-representation\/\" \/>\n            <input type=\"hidden\" name=\"lead_page_id\" value=\"8858\" \/>\n            <input type=\"hidden\" name=\"webhook\" value=\"false\" \/>\n            <input type=\"hidden\" name=\"webhook_url\" value=\"\" \/>\n            <input type=\"hidden\" name=\"redirect_to\" value=\"\" \/>\n            <input type=\"hidden\" name=\"google_recaptcha\" value=\"false\" \/>\n            \n\n            <div class=\"elementor-form-fields-wrapper elementor-labels-above\">\n\n                                    <div class=\"elementor-field-group elementor-column form-group elementor-field-group-name elementor-col-100\">\n                    <label for=\"form-field-name\" class=\"form-label elementor-field-label\">Nombre<\/label><input type=\"text\" name=\"name\" id=\"form-field-name\" class=\"elementor-field form-control elementor-size-sm elementor-field-textual\" placeholder=\"Nombre\" title=\"* Name\">                    <\/div>\n\n                                        <div class=\"elementor-field-group elementor-column form-group elementor-field-group-email elementor-col-100 elementor-field-required\">\n                    <label for=\"form-field-email\" class=\"form-label elementor-field-label\">Correo electr\u00f3nico<\/label><input type=\"email\" name=\"email\" id=\"form-field-email\" class=\"elementor-field form-control elementor-size-sm elementor-field-textual\" placeholder=\"Correo electr\u00f3nico\" title=\"* Correo electr\u00f3nico\" required=\"required\">                    <\/div>\n\n                                        <div class=\"elementor-field-group elementor-column form-group elementor-field-group-message elementor-col-100\">\n                    <label for=\"form-field-message\" class=\"form-label elementor-field-label\">Mensaje<\/label><textarea class=\"elementor-field-textual elementor-field elementor-size-sm\" name=\"message\" id=\"form-field-message\" rows=\"4\" placeholder=\"Mensaje\"><\/textarea>                    <\/div>\n\n                    \n                    \n                    \n                    \n                    <div class=\"elementor-field-group elementor-column elementor-field-type-submit elementor-col-100\">\n                    <button type=\"submit\" class=\"houzez-submit-button houzez-contact-form-js elementor-button elementor-size-sm\">\n                        <i class=\"houzez-loader-js houzez-hidden spinner-border spinner-border-sm\"><\/i>\n                                                    Enviar                                            <\/button>\n                <\/div>\n            <\/div><!-- End wrapper-->\n            <br\/>\n            <div class=\"ele-form-messages\"><\/div>\n            <div class=\"error-container\"><\/div>\n\n        <\/form>\n\n    \t\t\t\t<\/div>\n\t\t\t\t<\/div>\n\t\t\t\t\t<\/div>\n\t\t\t\t<\/div>\n\t\t\t\t<\/div>","protected":false},"excerpt":{"rendered":"<p>Buying property in Costa Rica is an exciting adventure, but it requires a partner who is 100% on your side. Many buyers assume they can just call the number on the For Sale sign, not realizing that the listing agent is legally hired to represent the seller&#8217;s best interests, not yours. At Pacific Dreams Realty, [&hellip;]<\/p>\n","protected":false},"author":1,"featured_media":0,"parent":0,"menu_order":0,"comment_status":"closed","ping_status":"closed","template":"","meta":{"footnotes":""},"class_list":["post-8858","page","type-page","status-publish","hentry"],"_hostinger_reach_plugin_has_subscription_block":false,"_hostinger_reach_plugin_is_elementor":false,"_links":{"self":[{"href":"https:\/\/pacificdreamsrealtycr.com\/es\/wp-json\/wp\/v2\/pages\/8858","targetHints":{"allow":["GET"]}}],"collection":[{"href":"https:\/\/pacificdreamsrealtycr.com\/es\/wp-json\/wp\/v2\/pages"}],"about":[{"href":"https:\/\/pacificdreamsrealtycr.com\/es\/wp-json\/wp\/v2\/types\/page"}],"author":[{"embeddable":true,"href":"https:\/\/pacificdreamsrealtycr.com\/es\/wp-json\/wp\/v2\/users\/1"}],"replies":[{"embeddable":true,"href":"https:\/\/pacificdreamsrealtycr.com\/es\/wp-json\/wp\/v2\/comments?post=8858"}],"version-history":[{"count":8,"href":"https:\/\/pacificdreamsrealtycr.com\/es\/wp-json\/wp\/v2\/pages\/8858\/revisions"}],"predecessor-version":[{"id":8882,"href":"https:\/\/pacificdreamsrealtycr.com\/es\/wp-json\/wp\/v2\/pages\/8858\/revisions\/8882"}],"wp:attachment":[{"href":"https:\/\/pacificdreamsrealtycr.com\/es\/wp-json\/wp\/v2\/media?parent=8858"}],"curies":[{"name":"wp","href":"https:\/\/api.w.org\/{rel}","templated":true}]}}