{"id":8867,"date":"2025-12-17T11:29:39","date_gmt":"2025-12-17T17:29:39","guid":{"rendered":"https:\/\/pacificdreamsrealtycr.com\/?page_id=8867"},"modified":"2025-12-20T09:31:12","modified_gmt":"2025-12-20T15:31:12","slug":"maximize-your-return-professional-seller-representation","status":"publish","type":"page","link":"https:\/\/pacificdreamsrealtycr.com\/es\/maximize-your-return-professional-seller-representation\/","title":{"rendered":"Maximice su Retorno: Representaci\u00f3n Profesional del Vendedor"},"content":{"rendered":"<div data-elementor-type=\"wp-page\" data-elementor-id=\"8867\" class=\"elementor elementor-8867\">\n\t\t\t\t<div class=\"elementor-element elementor-element-b8f3826 e-grid e-con-boxed e-con e-parent\" data-id=\"b8f3826\" data-element_type=\"container\" data-e-type=\"container\">\n\t\t\t\t\t<div class=\"e-con-inner\">\n\t\t\t\t<div class=\"elementor-element elementor-element-599c261 elementor-widget elementor-widget-image\" data-id=\"599c261\" data-element_type=\"widget\" data-e-type=\"widget\" data-widget_type=\"image.default\">\n\t\t\t\t\t\t\t\t\t\t\t\t\t\t\t<img fetchpriority=\"high\" decoding=\"async\" width=\"500\" height=\"500\" src=\"https:\/\/pacificdreamsrealtycr.com\/wp-content\/uploads\/2025\/12\/Seller-Rep.webp\" class=\"attachment-large size-large wp-image-8818\" alt=\"\" srcset=\"https:\/\/pacificdreamsrealtycr.com\/wp-content\/uploads\/2025\/12\/Seller-Rep.webp 500w, https:\/\/pacificdreamsrealtycr.com\/wp-content\/uploads\/2025\/12\/Seller-Rep-12x12.webp 12w\" sizes=\"(max-width: 500px) 100vw, 500px\" \/>\t\t\t\t\t\t\t\t\t\t\t\t\t\t\t<\/div>\n\t\t\t\t<div class=\"elementor-element elementor-element-bd38ec0 elementor-widget elementor-widget-text-editor\" data-id=\"bd38ec0\" data-element_type=\"widget\" data-e-type=\"widget\" data-widget_type=\"text-editor.default\">\n\t\t\t\t\t\t\t\t\t<p data-path-to-node=\"5\">Vender su propiedad en Costa Rica requiere m\u00e1s que simplemente colocar un letrero de \"Se Vende\" en el suelo. Para obtener el mejor precio en el menor tiempo posible, necesita una estrategia que ponga su propiedad frente a compradores calificados, dondequiera que est\u00e9n en el mundo.<\/p><p data-path-to-node=\"5\">En Pacific Dreams Realty, combinamos la experiencia local con el poder de marketing global para garantizar que su propiedad se destaque en un mercado abarrotado. Lo representamos a <i>usted,<\/i>salvaguardando sus intereses desde el acuerdo de listado inicial hasta el apret\u00f3n de manos final del cierre.<\/p><p data-path-to-node=\"6\">\u00a0<\/p>\t\t\t\t\t\t\t\t<\/div>\n\t\t\t\t\t<\/div>\n\t\t\t\t<\/div>\n\t\t<div class=\"elementor-element elementor-element-8f75d00 e-flex e-con-boxed e-con e-parent\" data-id=\"8f75d00\" data-element_type=\"container\" data-e-type=\"container\">\n\t\t\t\t\t<div class=\"e-con-inner\">\n\t\t\t\t<div class=\"elementor-element elementor-element-89a8ff3 elementor-widget elementor-widget-heading\" data-id=\"89a8ff3\" data-element_type=\"widget\" data-e-type=\"widget\" data-widget_type=\"heading.default\">\n\t\t\t\t\t<h3 class=\"elementor-heading-title elementor-size-default\">\u00bfPor qu\u00e9 contratar a Pacific Dreams Realty?<\/h3>\t\t\t\t<\/div>\n\t\t\t\t\t<\/div>\n\t\t\t\t<\/div>\n\t\t<div class=\"elementor-element elementor-element-2c595ab e-flex e-con-boxed e-con e-parent\" data-id=\"2c595ab\" data-element_type=\"container\" data-e-type=\"container\">\n\t\t\t\t\t<div class=\"e-con-inner\">\n\t\t\t\t<div class=\"elementor-element elementor-element-6fb94cd elementor-widget elementor-widget-text-editor\" data-id=\"6fb94cd\" data-element_type=\"widget\" data-e-type=\"widget\" data-widget_type=\"text-editor.default\">\n\t\t\t\t\t\t\t\t\t<p data-path-to-node=\"8\"><b>Ra\u00edces Locales, Alcance Mundial<\/b> Los compradores de hoy provienen de todas partes: Am\u00e9rica del Norte, Europa y aqu\u00ed mismo en Costa Rica. Nos aseguramos de que su listado sea visto por la audiencia m\u00e1s amplia posible a trav\u00e9s de un enfoque de marketing de varios niveles:<a href=\"https:\/\/www.camara.cr\/mi-perfil\/868\/main\/\" target=\"_blank\" rel=\"noopener\"> CCCBR (C\u00e1mara Costarricense de Corredores de Bienes Ra\u00edces)<\/a> y el <a href=\"https:\/\/directories.apps.realtor\/memberDetail\/?personId=4591700&amp;officeStreetCountry=CR&amp;memberLastName=Barbles%20Plumly\" target=\"_blank\" rel=\"noopener\">National Association of Realtors (NAR) International<\/a>, nos aseguramos de que su listado sea visto por la audiencia m\u00e1s amplia posible a trav\u00e9s de un enfoque de marketing de varios niveles:<\/p><ul data-path-to-node=\"9\"><li><p data-path-to-node=\"9,0,0\"><b>Exposici\u00f3n Global:<\/b> Distribuimos su propiedad en las principales plataformas internacionales, incluidas <b>Realtor.com<\/b>, <b>Properstar<\/b>, <strong>JamesEdition.com<\/strong>, y a trav\u00e9s de un nuevo y creciente MLS internacional. Esto pone su vivienda al alcance de millones de compradores potenciales en todo el mundo que visitan a diario estos sitios web de confianza.<\/p><\/li><li><p data-path-to-node=\"9,1,0\"><b>El Poder del Networking:<\/b> No trabajamos aislados. Cooperamos activamente con una vasta red de agentes locales y nacionales en todo Costa Rica. Cuando lista con nosotros, no solo est\u00e1 contratando a un agente; est\u00e1 aprovechando una fuerza de ventas en todo el pa\u00eds que trabaja para encontrar un comprador para su hogar.<\/p><\/li><\/ul>\t\t\t\t\t\t\t\t<\/div>\n\t\t\t\t\t<\/div>\n\t\t\t\t<\/div>\n\t\t<div class=\"elementor-element elementor-element-7ce4f60 e-flex e-con-boxed e-con e-parent\" data-id=\"7ce4f60\" data-element_type=\"container\" data-e-type=\"container\">\n\t\t\t\t\t<div class=\"e-con-inner\">\n\t\t\t\t<div class=\"elementor-element elementor-element-77dd9e3 elementor-widget elementor-widget-text-editor\" data-id=\"77dd9e3\" data-element_type=\"widget\" data-e-type=\"widget\" data-widget_type=\"text-editor.default\">\n\t\t\t\t\t\t\t\t\t<p data-path-to-node=\"11\"><b>Valoraci\u00f3n Experta del Mercado<\/b> Poner el precio correcto a una propiedad es el factor m\u00e1s cr\u00edtico para una venta exitosa. Un precio excesivo lleva al estancamiento, mientras que un precio bajo deja dinero sobre la mesa.<\/p><ul data-path-to-node=\"12\"><li><p data-path-to-node=\"12,0,0\"><b>An\u00e1lisis Basado en Datos:<\/b> Proporcionamos un An\u00e1lisis Comparativo de Mercado (CMA) integral basado en datos de ventas reales, la competencia actual y las tendencias del mercado en la regi\u00f3n del Pac\u00edfico Central.<\/p><\/li><li><p data-path-to-node=\"12,1,0\"><b>Precios Estrat\u00e9gicos:<\/b> Le ayudamos a encontrar el \"punto ideal\" que genere entusiasmo y ofertas sin comprometer el valor de su activo.<\/p><\/li><\/ul>\t\t\t\t\t\t\t\t<\/div>\n\t\t\t\t\t<\/div>\n\t\t\t\t<\/div>\n\t\t<div class=\"elementor-element elementor-element-b477cad e-flex e-con-boxed e-con e-parent\" data-id=\"b477cad\" data-element_type=\"container\" data-e-type=\"container\">\n\t\t\t\t\t<div class=\"e-con-inner\">\n\t\t\t\t<div class=\"elementor-element elementor-element-f6408dd elementor-widget elementor-widget-text-editor\" data-id=\"f6408dd\" data-element_type=\"widget\" data-e-type=\"widget\" data-widget_type=\"text-editor.default\">\n\t\t\t\t\t\t\t\t\t<p data-path-to-node=\"14\"><b>Protegiendo Sus Intereses<\/b> El proceso de venta en Costa Rica implica pasos legales complejos y burocracia. Lo guiamos a trav\u00e9s del laberinto para garantizar una transacci\u00f3n segura.<\/p><ul data-path-to-node=\"15\"><li><p data-path-to-node=\"15,0,0\"><b>Dominio del Proceso:<\/b> Entendemos cada paso del ciclo de ventas, desde el dep\u00f3sito inicial hasta la transferencia del t\u00edtulo. Anticipamos posibles obst\u00e1culos antes de que se conviertan en problemas.<\/p><\/li><li><p data-path-to-node=\"15,1,0\"><b>Debida Diligencia y Negociaci\u00f3n:<\/b> Investigamos a los compradores potenciales y negociamos rigurosamente en su nombre, asegurando que los t\u00e9rminos de la venta lo protejan legal y financieramente.<\/p><\/li><\/ul>\t\t\t\t\t\t\t\t<\/div>\n\t\t\t\t\t<\/div>\n\t\t\t\t<\/div>\n\t\t<div class=\"elementor-element elementor-element-a9f32ed e-flex e-con-boxed e-con e-parent\" data-id=\"a9f32ed\" data-element_type=\"container\" data-e-type=\"container\">\n\t\t\t\t\t<div class=\"e-con-inner\">\n\t\t\t\t<div class=\"elementor-element elementor-element-505d079 elementor-widget elementor-widget-text-editor\" data-id=\"505d079\" data-element_type=\"widget\" data-e-type=\"widget\" data-widget_type=\"text-editor.default\">\n\t\t\t\t\t\t\t\t\t<p><b>\u00bfPensando en vender?<\/b> No deje su inversi\u00f3n al azar. Cont\u00e1ctenos hoy para una valoraci\u00f3n de mercado confidencial de su propiedad.<\/p>\t\t\t\t\t\t\t\t<\/div>\n\t\t\t\t\t<\/div>\n\t\t\t\t<\/div>\n\t\t<div class=\"elementor-element elementor-element-1d0ccdd e-flex e-con-boxed e-con e-parent\" data-id=\"1d0ccdd\" data-element_type=\"container\" data-e-type=\"container\">\n\t\t\t\t\t<div class=\"e-con-inner\">\n\t\t\t\t<div class=\"elementor-element elementor-element-da28301 elementor-button-align-stretch elementor-widget elementor-widget-houzez_elementor_contact_form\" data-id=\"da28301\" data-element_type=\"widget\" data-e-type=\"widget\" data-widget_type=\"houzez_elementor_contact_form.default\">\n\t\t\t\t<div class=\"elementor-widget-container\">\n\t\t\t\t\t\n        <script type=\"application\/javascript\">\n            jQuery(document).bind(\"ready\", function () {\n                houzezValidateElementor(\"#houzez-form-da28301\" );\n            });\n        <\/script>\n\n        <form class=\"elementor-form houzez-ele-form-js\" id=\"houzez-form-da28301\" method=\"post\" name=\"New Form\" action=\"https:\/\/pacificdreamsrealtycr.com\/wp-admin\/admin-ajax.php\">\n            <input type=\"hidden\" name=\"form_id\" value=\"da28301\"\/>\n            <input type=\"hidden\" name=\"houzez_contact_form\" value=\"yes\"\/>\n            <input type=\"hidden\" name=\"action\" value=\"houzez_ele_contact_form\" \/>\n            <input type=\"hidden\" name=\"source_link\" value=\"https:\/\/pacificdreamsrealtycr.com\/es\/maximize-your-return-professional-seller-representation\/\" \/>\n            <input type=\"hidden\" name=\"lead_page_id\" value=\"8867\" \/>\n            <input type=\"hidden\" name=\"webhook\" value=\"false\" \/>\n            <input type=\"hidden\" name=\"webhook_url\" value=\"\" \/>\n            <input type=\"hidden\" name=\"redirect_to\" value=\"\" \/>\n            <input type=\"hidden\" name=\"google_recaptcha\" value=\"false\" \/>\n            \n\n            <div class=\"elementor-form-fields-wrapper elementor-labels-above\">\n\n                                    <div class=\"elementor-field-group elementor-column form-group elementor-field-group-name elementor-col-100\">\n                    <label for=\"form-field-name\" class=\"form-label elementor-field-label\">Nombre<\/label><input type=\"text\" name=\"name\" id=\"form-field-name\" class=\"elementor-field form-control elementor-size-sm elementor-field-textual\" placeholder=\"Nombre\" title=\"* Name\">                    <\/div>\n\n                                        <div class=\"elementor-field-group elementor-column form-group elementor-field-group-email elementor-col-100 elementor-field-required\">\n                    <label for=\"form-field-email\" class=\"form-label elementor-field-label\">Correo electr\u00f3nico<\/label><input type=\"email\" name=\"email\" id=\"form-field-email\" class=\"elementor-field form-control elementor-size-sm elementor-field-textual\" placeholder=\"Correo electr\u00f3nico\" title=\"* Correo electr\u00f3nico\" required=\"required\">                    <\/div>\n\n                                        <div class=\"elementor-field-group elementor-column form-group elementor-field-group-message elementor-col-100\">\n                    <label for=\"form-field-message\" class=\"form-label elementor-field-label\">Mensaje<\/label><textarea class=\"elementor-field-textual elementor-field elementor-size-sm\" name=\"message\" id=\"form-field-message\" rows=\"4\" placeholder=\"Mensaje\"><\/textarea>                    <\/div>\n\n                    \n                    \n                    \n                    \n                    <div class=\"elementor-field-group elementor-column elementor-field-type-submit elementor-col-100\">\n                    <button type=\"submit\" class=\"houzez-submit-button houzez-contact-form-js elementor-button elementor-size-sm\">\n                        <i class=\"houzez-loader-js houzez-hidden spinner-border spinner-border-sm\"><\/i>\n                                                    Enviar                                            <\/button>\n                <\/div>\n            <\/div><!-- End wrapper-->\n            <br\/>\n            <div class=\"ele-form-messages\"><\/div>\n            <div class=\"error-container\"><\/div>\n\n        <\/form>\n\n    \t\t\t\t<\/div>\n\t\t\t\t<\/div>\n\t\t\t\t\t<\/div>\n\t\t\t\t<\/div>\n\t\t\t\t<\/div>","protected":false},"excerpt":{"rendered":"<p>Selling your property in Costa Rica requires more than just placing a &#8220;For Sale&#8221; sign in the ground. To get the best price in the shortest amount of time, you need a strategy that puts your property in front of qualified buyers\u2014wherever they are in the world. At Pacific Dreams Realty, we combine local expertise [&hellip;]<\/p>\n","protected":false},"author":1,"featured_media":0,"parent":0,"menu_order":0,"comment_status":"closed","ping_status":"closed","template":"","meta":{"footnotes":""},"class_list":["post-8867","page","type-page","status-publish","hentry"],"_hostinger_reach_plugin_has_subscription_block":false,"_hostinger_reach_plugin_is_elementor":false,"_links":{"self":[{"href":"https:\/\/pacificdreamsrealtycr.com\/es\/wp-json\/wp\/v2\/pages\/8867","targetHints":{"allow":["GET"]}}],"collection":[{"href":"https:\/\/pacificdreamsrealtycr.com\/es\/wp-json\/wp\/v2\/pages"}],"about":[{"href":"https:\/\/pacificdreamsrealtycr.com\/es\/wp-json\/wp\/v2\/types\/page"}],"author":[{"embeddable":true,"href":"https:\/\/pacificdreamsrealtycr.com\/es\/wp-json\/wp\/v2\/users\/1"}],"replies":[{"embeddable":true,"href":"https:\/\/pacificdreamsrealtycr.com\/es\/wp-json\/wp\/v2\/comments?post=8867"}],"version-history":[{"count":16,"href":"https:\/\/pacificdreamsrealtycr.com\/es\/wp-json\/wp\/v2\/pages\/8867\/revisions"}],"predecessor-version":[{"id":8947,"href":"https:\/\/pacificdreamsrealtycr.com\/es\/wp-json\/wp\/v2\/pages\/8867\/revisions\/8947"}],"wp:attachment":[{"href":"https:\/\/pacificdreamsrealtycr.com\/es\/wp-json\/wp\/v2\/media?parent=8867"}],"curies":[{"name":"wp","href":"https:\/\/api.w.org\/{rel}","templated":true}]}}