{"id":8887,"date":"2025-12-17T11:45:18","date_gmt":"2025-12-17T17:45:18","guid":{"rendered":"https:\/\/pacificdreamsrealtycr.com\/?page_id=8887"},"modified":"2025-12-17T11:49:46","modified_gmt":"2025-12-17T17:49:46","slug":"protecting-your-rights-comprehensive-legal-notary-services","status":"publish","type":"page","link":"https:\/\/pacificdreamsrealtycr.com\/es\/protecting-your-rights-comprehensive-legal-notary-services\/","title":{"rendered":"Protegiendo sus Derechos: Servicios Legales y Notariales Integrales"},"content":{"rendered":"<div data-elementor-type=\"wp-page\" data-elementor-id=\"8887\" class=\"elementor elementor-8887\">\n\t\t\t\t<div class=\"elementor-element elementor-element-21de5643 e-flex e-con-boxed e-con e-parent\" data-id=\"21de5643\" data-element_type=\"container\" data-e-type=\"container\">\n\t\t\t\t\t<div class=\"e-con-inner\">\n\t\t\t\t<div class=\"elementor-element elementor-element-713c0733 elementor-widget elementor-widget-text-editor\" data-id=\"713c0733\" data-element_type=\"widget\" data-e-type=\"widget\" data-widget_type=\"text-editor.default\">\n\t\t\t\t\t\t\t\t\t\n<h3 class=\"wp-block-heading\"><\/h3>\n\t\t\t\t\t\t\t\t<\/div>\n\t\t\t\t\t<\/div>\n\t\t\t\t<\/div>\n\t\t<div class=\"elementor-element elementor-element-312d4b7 e-grid e-con-boxed e-con e-parent\" data-id=\"312d4b7\" data-element_type=\"container\" data-e-type=\"container\">\n\t\t\t\t\t<div class=\"e-con-inner\">\n\t\t\t\t<div class=\"elementor-element elementor-element-3fa9abc elementor-widget elementor-widget-image\" data-id=\"3fa9abc\" data-element_type=\"widget\" data-e-type=\"widget\" data-widget_type=\"image.default\">\n\t\t\t\t\t\t\t\t\t\t\t\t\t\t\t<img fetchpriority=\"high\" decoding=\"async\" width=\"500\" height=\"500\" src=\"https:\/\/pacificdreamsrealtycr.com\/wp-content\/uploads\/2025\/12\/Legal-Services.webp\" class=\"attachment-large size-large wp-image-8819\" alt=\"\" srcset=\"https:\/\/pacificdreamsrealtycr.com\/wp-content\/uploads\/2025\/12\/Legal-Services.webp 500w, https:\/\/pacificdreamsrealtycr.com\/wp-content\/uploads\/2025\/12\/Legal-Services-12x12.webp 12w\" sizes=\"(max-width: 500px) 100vw, 500px\" \/>\t\t\t\t\t\t\t\t\t\t\t\t\t\t\t<\/div>\n\t\t\t\t<div class=\"elementor-element elementor-element-14a06fa elementor-widget elementor-widget-text-editor\" data-id=\"14a06fa\" data-element_type=\"widget\" data-e-type=\"widget\" data-widget_type=\"text-editor.default\">\n\t\t\t\t\t\t\t\t\t<p data-path-to-node=\"6\">Invertir en un pa\u00eds extranjero requiere certeza legal absoluta. Ya sea que est\u00e9 comprando su primera casa de vacaciones, estructurando una corporaci\u00f3n o administrando un complejo de condominios, necesita un asesor legal que comprenda las complejidades espec\u00edficas de la ley de propiedad costarricense.<\/p>\n<p data-path-to-node=\"7\">En Pacific Dreams Realty, brindamos acceso a soporte legal de primer nivel con una profunda experiencia en transacciones inmobiliarias, derecho corporativo y administraci\u00f3n de propiedades. Nos aseguramos de que cada detalle est\u00e9 cubierto.<\/p>\t\t\t\t\t\t\t\t<\/div>\n\t\t\t\t\t<\/div>\n\t\t\t\t<\/div>\n\t\t<div class=\"elementor-element elementor-element-038124c e-flex e-con-boxed e-con e-parent\" data-id=\"038124c\" data-element_type=\"container\" data-e-type=\"container\">\n\t\t\t\t\t<div class=\"e-con-inner\">\n\t\t\t\t<div class=\"elementor-element elementor-element-c3e9bd6 elementor-widget elementor-widget-text-editor\" data-id=\"c3e9bd6\" data-element_type=\"widget\" data-e-type=\"widget\" data-widget_type=\"text-editor.default\">\n\t\t\t\t\t\t\t\t\t<h3 data-path-to-node=\"8\">Experiencia Central: Derecho Inmobiliario<\/h3>\n<p data-path-to-node=\"9\"><b>Transacciones seguras de principio a fin-<\/b> La base de una inversi\u00f3n segura es una rigurosa diligencia debida (\"due diligence\"). Nuestro soporte legal cubre todos los aspectos del proceso de compra y venta:<\/p>\n<ul data-path-to-node=\"10\">\n<li>\n<p data-path-to-node=\"10,0,0\"><b>Debida Diligencia:<\/b> Realizamos una investigaci\u00f3n exhaustiva de los t\u00edtulos de propiedad, asegurando que no haya grav\u00e1menes ocultos, cargas o disputas de l\u00edmites.<\/p>\n<\/li>\n<li>\n<p data-path-to-node=\"10,1,0\"><b>Fideicomiso (Escrow) y Cierre:<\/b> Supervisamos la redacci\u00f3n de la<i>Escritura de Traspaso<\/i>y aseguramos que los fondos se manejen de forma segura a trav\u00e9s de cuentas de fideicomiso registradas.<\/p>\n<\/li>\n<li>\n<p data-path-to-node=\"10,2,0\"><b>Estructuraci\u00f3n Corporativa:<\/b> Ayudamos a formar corporaciones costarricenses (S.A. o S.R.L.) para mantener sus activos, ofreciendo protecci\u00f3n de responsabilidad y beneficios de planificaci\u00f3n patrimonial.<\/p>\n<\/li>\n<\/ul>\n<h3 data-path-to-node=\"11\">Experiencia Especializada: Ley de Condominios y Administraci\u00f3n<\/h3>\n<p data-path-to-node=\"12\"><b>Experiencia en administraci\u00f3n de condominios<\/b> Administrar una propiedad en un desarrollo regulado requiere un conocimiento especializado de la <i>Ley de Propiedad en Condominio.<\/i> Nuestro fondo legal incluye amplia experiencia en:<\/p>\n<ul data-path-to-node=\"13\">\n<li>\n<p data-path-to-node=\"13,0,0\"><b>Gobernanza de la HOA (Asociaci\u00f3n de Propietarios):<\/b> Asistencia con la interpretaci\u00f3n y cumplimiento de los Reglamentos de Condominio y CC&amp;Rs.<\/p>\n<\/li>\n<li>\n<p data-path-to-node=\"13,1,0\"><b>Gesti\u00f3n de Asambleas:<\/b> Gu\u00eda legal para celebrar Asambleas Generales Anuales v\u00e1lidas, asegurando el qu\u00f3rum adecuado, los protocolos de votaci\u00f3n y el registro de actas.<\/p>\n<\/li>\n<li>\n<p data-path-to-node=\"13,2,0\"><b>Resoluci\u00f3n de Disputas:<\/b> Manejo de asuntos legales entre administradores, juntas directivas y propietarios para mantener una comunidad armoniosa.<\/p>\n<\/li>\n<\/ul>\n<h3 data-path-to-node=\"14\">Servicios de Notariado P\u00fablico<\/h3>\n<p data-path-to-node=\"15\"><b>El poder del Notario P\u00fablico<\/b> En Costa Rica, un Notario P\u00fablico no es solo un testigo; es un funcionario legal de alto rango con el poder de validar documentos para el Registro Nacional. Nuestros servicios incluyen:<\/p>\n<ul data-path-to-node=\"16\">\n<li>\n<p data-path-to-node=\"16,0,0\"><b>Escrituras P\u00fablicas:<\/b> Redacci\u00f3n y autenticaci\u00f3n de instrumentos legales para transferencias de propiedad, testamentos y poderes.<\/p>\n<\/li>\n<li>\n<p data-path-to-node=\"16,1,0\"><b>Certificaciones:<\/b> Emisi\u00f3n de certificaciones oficiales de personer\u00eda jur\u00eddica, propiedad y estado civil.<\/p>\n<\/li>\n<li>\n<p data-path-to-node=\"16,2,0\"><b>Legalizaci\u00f3n:<\/b> Autenticaci\u00f3n de firmas y documentos para su uso en instituciones gubernamentales y bancos.<\/p>\n<\/li>\n<\/ul>\t\t\t\t\t\t\t\t<\/div>\n\t\t\t\t\t<\/div>\n\t\t\t\t<\/div>\n\t\t<div class=\"elementor-element elementor-element-704dbed e-flex e-con-boxed e-con e-parent\" data-id=\"704dbed\" data-element_type=\"container\" data-e-type=\"container\">\n\t\t\t\t\t<div class=\"e-con-inner\">\n\t\t\t\t<div class=\"elementor-element elementor-element-cbecb5f elementor-widget elementor-widget-image\" data-id=\"cbecb5f\" data-element_type=\"widget\" data-e-type=\"widget\" data-widget_type=\"image.default\">\n\t\t\t\t\t\t\t\t\t\t\t\t\t\t\t\t<a href=\"https:\/\/rcabogados.cr\" target=\"_blank\" rel=\"noopener\">\n\t\t\t\t\t\t\t<img decoding=\"async\" width=\"400\" height=\"114\" src=\"https:\/\/pacificdreamsrealtycr.com\/wp-content\/uploads\/2025\/12\/RCAbogadosSM.png\" class=\"attachment-large size-large wp-image-8466\" alt=\"\" srcset=\"https:\/\/pacificdreamsrealtycr.com\/wp-content\/uploads\/2025\/12\/RCAbogadosSM.png 400w, https:\/\/pacificdreamsrealtycr.com\/wp-content\/uploads\/2025\/12\/RCAbogadosSM-18x5.png 18w\" sizes=\"(max-width: 400px) 100vw, 400px\" \/>\t\t\t\t\t\t\t\t<\/a>\n\t\t\t\t\t\t\t\t\t\t\t\t\t\t\t<\/div>\n\t\t\t\t\t<\/div>\n\t\t\t\t<\/div>\n\t\t<div class=\"elementor-element elementor-element-5b3fc17 e-flex e-con-boxed e-con e-parent\" data-id=\"5b3fc17\" data-element_type=\"container\" data-e-type=\"container\">\n\t\t\t\t\t<div class=\"e-con-inner\">\n\t\t\t\t<div class=\"elementor-element elementor-element-83b94de elementor-widget elementor-widget-text-editor\" data-id=\"83b94de\" data-element_type=\"widget\" data-e-type=\"widget\" data-widget_type=\"text-editor.default\">\n\t\t\t\t\t\t\t\t\t<p><b>Tranquilidad Legal<\/b> No navegue solo por el sistema legal costarricense. Cont\u00e1ctenos hoy para discutir sus necesidades legales.<\/p>\t\t\t\t\t\t\t\t<\/div>\n\t\t\t\t\t<\/div>\n\t\t\t\t<\/div>\n\t\t<div class=\"elementor-element elementor-element-80fe565 e-flex e-con-boxed e-con e-parent\" data-id=\"80fe565\" data-element_type=\"container\" data-e-type=\"container\">\n\t\t\t\t\t<div class=\"e-con-inner\">\n\t\t\t\t<div class=\"elementor-element elementor-element-f099bcc elementor-button-align-stretch elementor-widget elementor-widget-houzez_elementor_contact_form\" data-id=\"f099bcc\" data-element_type=\"widget\" data-e-type=\"widget\" data-widget_type=\"houzez_elementor_contact_form.default\">\n\t\t\t\t<div class=\"elementor-widget-container\">\n\t\t\t\t\t\n        <script type=\"application\/javascript\">\n            jQuery(document).bind(\"ready\", function () {\n                houzezValidateElementor(\"#houzez-form-f099bcc\" );\n            });\n        <\/script>\n\n        <form class=\"elementor-form houzez-ele-form-js\" id=\"houzez-form-f099bcc\" method=\"post\" name=\"New Form\" action=\"https:\/\/pacificdreamsrealtycr.com\/wp-admin\/admin-ajax.php\">\n            <input type=\"hidden\" name=\"form_id\" value=\"f099bcc\"\/>\n            <input type=\"hidden\" name=\"houzez_contact_form\" value=\"yes\"\/>\n            <input type=\"hidden\" name=\"action\" value=\"houzez_ele_contact_form\" \/>\n            <input type=\"hidden\" name=\"source_link\" value=\"https:\/\/pacificdreamsrealtycr.com\/es\/protecting-your-rights-comprehensive-legal-notary-services\/\" \/>\n            <input type=\"hidden\" name=\"lead_page_id\" value=\"8887\" \/>\n            <input type=\"hidden\" name=\"webhook\" value=\"false\" \/>\n            <input type=\"hidden\" name=\"webhook_url\" value=\"\" \/>\n            <input type=\"hidden\" name=\"redirect_to\" value=\"\" \/>\n            <input type=\"hidden\" name=\"google_recaptcha\" value=\"false\" \/>\n            \n\n            <div class=\"elementor-form-fields-wrapper elementor-labels-above\">\n\n                                    <div class=\"elementor-field-group elementor-column form-group elementor-field-group-name elementor-col-100\">\n                    <label for=\"form-field-name\" class=\"form-label elementor-field-label\">Nombre<\/label><input type=\"text\" name=\"name\" id=\"form-field-name\" class=\"elementor-field form-control elementor-size-sm elementor-field-textual\" placeholder=\"Nombre\" title=\"* Name\">                    <\/div>\n\n                                        <div class=\"elementor-field-group elementor-column form-group elementor-field-group-email elementor-col-100 elementor-field-required\">\n                    <label for=\"form-field-email\" class=\"form-label elementor-field-label\">Correo electr\u00f3nico<\/label><input type=\"email\" name=\"email\" id=\"form-field-email\" class=\"elementor-field form-control elementor-size-sm elementor-field-textual\" placeholder=\"Correo electr\u00f3nico\" title=\"* Correo electr\u00f3nico\" required=\"required\">                    <\/div>\n\n                                        <div class=\"elementor-field-group elementor-column form-group elementor-field-group-message elementor-col-100\">\n                    <label for=\"form-field-message\" class=\"form-label elementor-field-label\">Mensaje<\/label><textarea class=\"elementor-field-textual elementor-field elementor-size-sm\" name=\"message\" id=\"form-field-message\" rows=\"4\" placeholder=\"Mensaje\"><\/textarea>                    <\/div>\n\n                    \n                    \n                    \n                    \n                    <div class=\"elementor-field-group elementor-column elementor-field-type-submit elementor-col-100\">\n                    <button type=\"submit\" class=\"houzez-submit-button houzez-contact-form-js elementor-button elementor-size-sm\">\n                        <i class=\"houzez-loader-js houzez-hidden spinner-border spinner-border-sm\"><\/i>\n                                                    Enviar                                            <\/button>\n                <\/div>\n            <\/div><!-- End wrapper-->\n            <br\/>\n            <div class=\"ele-form-messages\"><\/div>\n            <div class=\"error-container\"><\/div>\n\n        <\/form>\n\n    \t\t\t\t<\/div>\n\t\t\t\t<\/div>\n\t\t\t\t\t<\/div>\n\t\t\t\t<\/div>\n\t\t\t\t<\/div>","protected":false},"excerpt":{"rendered":"<p>Investing in a foreign country requires absolute legal certainty. Whether you are buying your first vacation home, structuring a corporation, or managing a condominium complex, you need legal counsel that understands the specific intricacies of Costa Rican property law. At Pacific Dreams Realty, we provide access to top-tier legal support with a deep background in [&hellip;]<\/p>\n","protected":false},"author":1,"featured_media":0,"parent":0,"menu_order":0,"comment_status":"closed","ping_status":"closed","template":"","meta":{"footnotes":""},"class_list":["post-8887","page","type-page","status-publish","hentry"],"_hostinger_reach_plugin_has_subscription_block":false,"_hostinger_reach_plugin_is_elementor":false,"_links":{"self":[{"href":"https:\/\/pacificdreamsrealtycr.com\/es\/wp-json\/wp\/v2\/pages\/8887","targetHints":{"allow":["GET"]}}],"collection":[{"href":"https:\/\/pacificdreamsrealtycr.com\/es\/wp-json\/wp\/v2\/pages"}],"about":[{"href":"https:\/\/pacificdreamsrealtycr.com\/es\/wp-json\/wp\/v2\/types\/page"}],"author":[{"embeddable":true,"href":"https:\/\/pacificdreamsrealtycr.com\/es\/wp-json\/wp\/v2\/users\/1"}],"replies":[{"embeddable":true,"href":"https:\/\/pacificdreamsrealtycr.com\/es\/wp-json\/wp\/v2\/comments?post=8887"}],"version-history":[{"count":4,"href":"https:\/\/pacificdreamsrealtycr.com\/es\/wp-json\/wp\/v2\/pages\/8887\/revisions"}],"predecessor-version":[{"id":8891,"href":"https:\/\/pacificdreamsrealtycr.com\/es\/wp-json\/wp\/v2\/pages\/8887\/revisions\/8891"}],"wp:attachment":[{"href":"https:\/\/pacificdreamsrealtycr.com\/es\/wp-json\/wp\/v2\/media?parent=8887"}],"curies":[{"name":"wp","href":"https:\/\/api.w.org\/{rel}","templated":true}]}}