{"id":8895,"date":"2025-12-17T12:00:09","date_gmt":"2025-12-17T18:00:09","guid":{"rendered":"https:\/\/pacificdreamsrealtycr.com\/?page_id=8895"},"modified":"2025-12-17T12:03:07","modified_gmt":"2025-12-17T18:03:07","slug":"know-the-true-value-property-appraisal-cma-services","status":"publish","type":"page","link":"https:\/\/pacificdreamsrealtycr.com\/es\/know-the-true-value-property-appraisal-cma-services\/","title":{"rendered":"Conozca el Valor Real: Servicios de Aval\u00fao y CMA"},"content":{"rendered":"<div data-elementor-type=\"wp-page\" data-elementor-id=\"8895\" class=\"elementor elementor-8895\">\n\t\t\t\t<div class=\"elementor-element elementor-element-48bedde6 e-flex e-con-boxed e-con e-parent\" data-id=\"48bedde6\" data-element_type=\"container\" data-e-type=\"container\">\n\t\t\t\t\t<div class=\"e-con-inner\">\n\t\t\t\t<div class=\"elementor-element elementor-element-2d32ecea elementor-widget elementor-widget-text-editor\" data-id=\"2d32ecea\" data-element_type=\"widget\" data-e-type=\"widget\" data-widget_type=\"text-editor.default\">\n\t\t\t\t\t\t\t\t\t\n<h3 class=\"wp-block-heading\"><\/h3>\n\t\t\t\t\t\t\t\t<\/div>\n\t\t\t\t\t<\/div>\n\t\t\t\t<\/div>\n\t\t<div class=\"elementor-element elementor-element-e1b3754 e-flex e-con-boxed e-con e-parent\" data-id=\"e1b3754\" data-element_type=\"container\" data-e-type=\"container\">\n\t\t\t\t\t<div class=\"e-con-inner\">\n\t\t\t\t<div class=\"elementor-element elementor-element-d7a6baf elementor-widget elementor-widget-image\" data-id=\"d7a6baf\" data-element_type=\"widget\" data-e-type=\"widget\" data-widget_type=\"image.default\">\n\t\t\t\t\t\t\t\t\t\t\t\t\t\t\t<img fetchpriority=\"high\" decoding=\"async\" width=\"1024\" height=\"559\" src=\"https:\/\/pacificdreamsrealtycr.com\/wp-content\/uploads\/2025\/12\/Property-Appraisal-Full.webp\" class=\"attachment-large size-large wp-image-8897\" alt=\"\" srcset=\"https:\/\/pacificdreamsrealtycr.com\/wp-content\/uploads\/2025\/12\/Property-Appraisal-Full.webp 1800w, https:\/\/pacificdreamsrealtycr.com\/wp-content\/uploads\/2025\/12\/Property-Appraisal-Full-1536x838.webp 1536w, https:\/\/pacificdreamsrealtycr.com\/wp-content\/uploads\/2025\/12\/Property-Appraisal-Full-18x10.webp 18w\" sizes=\"(max-width: 1024px) 100vw, 1024px\" \/>\t\t\t\t\t\t\t\t\t\t\t\t\t\t\t<\/div>\n\t\t\t\t\t<\/div>\n\t\t\t\t<\/div>\n\t\t<div class=\"elementor-element elementor-element-9e6b735 e-flex e-con-boxed e-con e-parent\" data-id=\"9e6b735\" data-element_type=\"container\" data-e-type=\"container\">\n\t\t\t\t\t<div class=\"e-con-inner\">\n\t\t\t\t<div class=\"elementor-element elementor-element-d85549d elementor-widget elementor-widget-text-editor\" data-id=\"d85549d\" data-element_type=\"widget\" data-e-type=\"widget\" data-widget_type=\"text-editor.default\">\n\t\t\t\t\t\t\t\t\t<p data-path-to-node=\"6\">En el din\u00e1mico mercado inmobiliario del Pac\u00edfico Central de Costa Rica, los valores de las propiedades pueden variar significativamente de un barrio a otro, o incluso de una calle a otra. Las calculadoras gen\u00e9ricas en l\u00ednea a menudo pierden los matices de las vistas al mar, el acceso por carretera y las comodidades de la comunidad.<\/p>\n<p data-path-to-node=\"7\">En Pacific Dreams Realty, tenemos nuestro <b>dedo en el pulso del mercado<\/b>. Rastreamos los cambios diarios del mercado, los nuevos desarrollos y los datos de ventas reales para garantizar que tenga la comprensi\u00f3n m\u00e1s precisa y actualizada de lo que realmente vale una propiedad.<\/p>\n<h3 data-path-to-node=\"8\">Valoraci\u00f3n del Realtor: El CMA<\/h3>\n<p data-path-to-node=\"9\"><b>An\u00e1lisis comparativo del mercado basado en datos-<\/b> Para la mayor\u00eda de los compradores y vendedores, un An\u00e1lisis Comparativo de Mercado (CMA) es la mejor herramienta para determinar un precio de listado o una estrategia de oferta. No confiamos en suposiciones. Nuestro proceso implica:<\/p>\n<ul data-path-to-node=\"10\">\n<li>\n<p data-path-to-node=\"10,0,0\"><b>An\u00e1lisis de Ventas Recientes:<\/b> Investigamos los precios reales de venta de propiedades similares en el \u00e1rea, no solo los precios de venta iniciales.<\/p>\n<\/li>\n<li>\n<p data-path-to-node=\"10,1,0\"><b>Competencia Activa:<\/b> Analizamos qu\u00e9 m\u00e1s hay actualmente en el mercado para entender qui\u00e9n es su competencia.<\/p>\n<\/li>\n<li>\n<p data-path-to-node=\"10,2,0\"><b>Tendencias del Mercado:<\/b> Tomamos en cuenta indicadores econ\u00f3micos m\u00e1s amplios y la demanda local para pronosticar hacia d\u00f3nde se dirige el mercado.<\/p>\n<\/li>\n<\/ul>\n<h3 data-path-to-node=\"11\">Valoraci\u00f3n Oficial: Servicios de Perito Certificado<\/h3>\n<p data-path-to-node=\"12\"><b>\u00bfNecesita una tasaci\u00f3n t\u00e9cnica o v\u00e1lida para el banco?<\/b> A veces, un an\u00e1lisis de mercado est\u00e1ndar no es suficiente. Si necesita una valoraci\u00f3n formal para financiamiento bancario, prop\u00f3sitos fiscales, disputas legales o reestructuraci\u00f3n de activos corporativos, necesita un profesional certificado conocido en Costa Rica como un <b>&#8220;Perito Valuador.&#8221;<\/b><\/p>\n<p data-path-to-node=\"13\">Facilitamos este proceso para usted.<\/p>\n<ul data-path-to-node=\"14\">\n<li>\n<p data-path-to-node=\"14,0,0\"><b>Red Profesional:<\/b> Podemos ayudarle a contratar a un Perito de confianza y con licencia (generalmente un ingeniero o arquitecto certificado) para realizar una inspecci\u00f3n t\u00e9cnica rigurosa de la estructura, el suelo y el costo de reposici\u00f3n de la propiedad.<\/p>\n<\/li>\n<li>\n<p data-path-to-node=\"14,1,0\"><b>Informes Detallados:<\/b> Estos profesionales proporcionan la documentaci\u00f3n oficial sellada que a menudo requieren las instituciones financieras y las entidades gubernamentales.<\/p>\n<\/li>\n<\/ul>\t\t\t\t\t\t\t\t<\/div>\n\t\t\t\t\t<\/div>\n\t\t\t\t<\/div>\n\t\t<div class=\"elementor-element elementor-element-fc4ec78 e-flex e-con-boxed e-con e-parent\" data-id=\"fc4ec78\" data-element_type=\"container\" data-e-type=\"container\">\n\t\t\t\t\t<div class=\"e-con-inner\">\n\t\t\t\t<div class=\"elementor-element elementor-element-f29211d elementor-widget elementor-widget-text-editor\" data-id=\"f29211d\" data-element_type=\"widget\" data-e-type=\"widget\" data-widget_type=\"text-editor.default\">\n\t\t\t\t\t\t\t\t\t<p><b>\u00bfCu\u00e1nto vale su propiedad hoy?<\/b> Ya sea que necesite una estimaci\u00f3n de mercado para vender o un aval\u00fao formal para la banca, lo tenemos cubierto. Cont\u00e1ctenos para programar su valoraci\u00f3n.<\/p>\t\t\t\t\t\t\t\t<\/div>\n\t\t\t\t\t<\/div>\n\t\t\t\t<\/div>\n\t\t<div class=\"elementor-element elementor-element-b724687 e-flex e-con-boxed e-con e-parent\" data-id=\"b724687\" data-element_type=\"container\" data-e-type=\"container\">\n\t\t\t\t\t<div class=\"e-con-inner\">\n\t\t\t\t<div class=\"elementor-element elementor-element-9e66a6f elementor-button-align-stretch elementor-widget elementor-widget-houzez_elementor_contact_form\" data-id=\"9e66a6f\" data-element_type=\"widget\" data-e-type=\"widget\" data-widget_type=\"houzez_elementor_contact_form.default\">\n\t\t\t\t<div class=\"elementor-widget-container\">\n\t\t\t\t\t\n        <script type=\"application\/javascript\">\n            jQuery(document).bind(\"ready\", function () {\n                houzezValidateElementor(\"#houzez-form-9e66a6f\" );\n            });\n        <\/script>\n\n        <form class=\"elementor-form houzez-ele-form-js\" id=\"houzez-form-9e66a6f\" method=\"post\" name=\"New Form\" action=\"https:\/\/pacificdreamsrealtycr.com\/wp-admin\/admin-ajax.php\">\n            <input type=\"hidden\" name=\"form_id\" value=\"9e66a6f\"\/>\n            <input type=\"hidden\" name=\"houzez_contact_form\" value=\"yes\"\/>\n            <input type=\"hidden\" name=\"action\" value=\"houzez_ele_contact_form\" \/>\n            <input type=\"hidden\" name=\"source_link\" value=\"https:\/\/pacificdreamsrealtycr.com\/es\/know-the-true-value-property-appraisal-cma-services\/\" \/>\n            <input type=\"hidden\" name=\"lead_page_id\" value=\"8895\" \/>\n            <input type=\"hidden\" name=\"webhook\" value=\"false\" \/>\n            <input type=\"hidden\" name=\"webhook_url\" value=\"\" \/>\n            <input type=\"hidden\" name=\"redirect_to\" value=\"\" \/>\n            <input type=\"hidden\" name=\"google_recaptcha\" value=\"false\" \/>\n            \n\n            <div class=\"elementor-form-fields-wrapper elementor-labels-above\">\n\n                                    <div class=\"elementor-field-group elementor-column form-group elementor-field-group-name elementor-col-100\">\n                    <label for=\"form-field-name\" class=\"form-label elementor-field-label\">Nombre<\/label><input type=\"text\" name=\"name\" id=\"form-field-name\" class=\"elementor-field form-control elementor-size-sm elementor-field-textual\" placeholder=\"Nombre\" title=\"* Name\">                    <\/div>\n\n                                        <div class=\"elementor-field-group elementor-column form-group elementor-field-group-email elementor-col-100 elementor-field-required\">\n                    <label for=\"form-field-email\" class=\"form-label elementor-field-label\">Correo electr\u00f3nico<\/label><input type=\"email\" name=\"email\" id=\"form-field-email\" class=\"elementor-field form-control elementor-size-sm elementor-field-textual\" placeholder=\"Correo electr\u00f3nico\" title=\"* Correo electr\u00f3nico\" required=\"required\">                    <\/div>\n\n                                        <div class=\"elementor-field-group elementor-column form-group elementor-field-group-message elementor-col-100\">\n                    <label for=\"form-field-message\" class=\"form-label elementor-field-label\">Mensaje<\/label><textarea class=\"elementor-field-textual elementor-field elementor-size-sm\" name=\"message\" id=\"form-field-message\" rows=\"4\" placeholder=\"Mensaje\"><\/textarea>                    <\/div>\n\n                    \n                    \n                    \n                    \n                    <div class=\"elementor-field-group elementor-column elementor-field-type-submit elementor-col-100\">\n                    <button type=\"submit\" class=\"houzez-submit-button houzez-contact-form-js elementor-button elementor-size-sm\">\n                        <i class=\"houzez-loader-js houzez-hidden spinner-border spinner-border-sm\"><\/i>\n                                                    Enviar                                            <\/button>\n                <\/div>\n            <\/div><!-- End wrapper-->\n            <br\/>\n            <div class=\"ele-form-messages\"><\/div>\n            <div class=\"error-container\"><\/div>\n\n        <\/form>\n\n    \t\t\t\t<\/div>\n\t\t\t\t<\/div>\n\t\t\t\t\t<\/div>\n\t\t\t\t<\/div>\n\t\t\t\t<\/div>","protected":false},"excerpt":{"rendered":"<p>In the dynamic real estate market of Costa Rica&#8217;s Central Pacific, property values can vary significantly from one neighborhood to the next\u2014or even one street to the next. Generic online calculators often miss the nuances of ocean views, road access, and community amenities. At Pacific Dreams Realty, we have our finger on the pulse of [&hellip;]<\/p>\n","protected":false},"author":1,"featured_media":0,"parent":0,"menu_order":0,"comment_status":"closed","ping_status":"closed","template":"","meta":{"footnotes":""},"class_list":["post-8895","page","type-page","status-publish","hentry"],"_hostinger_reach_plugin_has_subscription_block":false,"_hostinger_reach_plugin_is_elementor":false,"_links":{"self":[{"href":"https:\/\/pacificdreamsrealtycr.com\/es\/wp-json\/wp\/v2\/pages\/8895","targetHints":{"allow":["GET"]}}],"collection":[{"href":"https:\/\/pacificdreamsrealtycr.com\/es\/wp-json\/wp\/v2\/pages"}],"about":[{"href":"https:\/\/pacificdreamsrealtycr.com\/es\/wp-json\/wp\/v2\/types\/page"}],"author":[{"embeddable":true,"href":"https:\/\/pacificdreamsrealtycr.com\/es\/wp-json\/wp\/v2\/users\/1"}],"replies":[{"embeddable":true,"href":"https:\/\/pacificdreamsrealtycr.com\/es\/wp-json\/wp\/v2\/comments?post=8895"}],"version-history":[{"count":4,"href":"https:\/\/pacificdreamsrealtycr.com\/es\/wp-json\/wp\/v2\/pages\/8895\/revisions"}],"predecessor-version":[{"id":8900,"href":"https:\/\/pacificdreamsrealtycr.com\/es\/wp-json\/wp\/v2\/pages\/8895\/revisions\/8900"}],"wp:attachment":[{"href":"https:\/\/pacificdreamsrealtycr.com\/es\/wp-json\/wp\/v2\/media?parent=8895"}],"curies":[{"name":"wp","href":"https:\/\/api.w.org\/{rel}","templated":true}]}}