{"id":8904,"date":"2025-12-17T12:12:57","date_gmt":"2025-12-17T18:12:57","guid":{"rendered":"https:\/\/pacificdreamsrealtycr.com\/?page_id=8904"},"modified":"2025-12-17T12:13:43","modified_gmt":"2025-12-17T18:13:43","slug":"navigating-success-professional-consulting-services","status":"publish","type":"page","link":"https:\/\/pacificdreamsrealtycr.com\/es\/navigating-success-professional-consulting-services\/","title":{"rendered":"Navegando hacia el \u00c9xito: Servicios de Consultor\u00eda Profesional"},"content":{"rendered":"<div data-elementor-type=\"wp-page\" data-elementor-id=\"8904\" class=\"elementor elementor-8904\">\n\t\t\t\t<div class=\"elementor-element elementor-element-13188ffc e-flex e-con-boxed e-con e-parent\" data-id=\"13188ffc\" data-element_type=\"container\" data-e-type=\"container\">\n\t\t\t\t\t<div class=\"e-con-inner\">\n\t\t\t\t<div class=\"elementor-element elementor-element-30cb3fab elementor-widget elementor-widget-text-editor\" data-id=\"30cb3fab\" data-element_type=\"widget\" data-e-type=\"widget\" data-widget_type=\"text-editor.default\">\n\t\t\t\t\t\t\t\t\t\n<h3 class=\"wp-block-heading\"><\/h3>\n\t\t\t\t\t\t\t\t<\/div>\n\t\t\t\t\t<\/div>\n\t\t\t\t<\/div>\n\t\t<div class=\"elementor-element elementor-element-15d8f3b e-grid e-con-boxed e-con e-parent\" data-id=\"15d8f3b\" data-element_type=\"container\" data-e-type=\"container\">\n\t\t\t\t\t<div class=\"e-con-inner\">\n\t\t\t\t<div class=\"elementor-element elementor-element-6773fac elementor-widget elementor-widget-image\" data-id=\"6773fac\" data-element_type=\"widget\" data-e-type=\"widget\" data-widget_type=\"image.default\">\n\t\t\t\t\t\t\t\t\t\t\t\t\t\t\t<img fetchpriority=\"high\" decoding=\"async\" width=\"500\" height=\"501\" src=\"https:\/\/pacificdreamsrealtycr.com\/wp-content\/uploads\/2025\/12\/Consulting-square.webp\" class=\"attachment-large size-large wp-image-8906\" alt=\"\" srcset=\"https:\/\/pacificdreamsrealtycr.com\/wp-content\/uploads\/2025\/12\/Consulting-square.webp 500w, https:\/\/pacificdreamsrealtycr.com\/wp-content\/uploads\/2025\/12\/Consulting-square-12x12.webp 12w\" sizes=\"(max-width: 500px) 100vw, 500px\" \/>\t\t\t\t\t\t\t\t\t\t\t\t\t\t\t<\/div>\n\t\t\t\t<div class=\"elementor-element elementor-element-0bacffd elementor-widget elementor-widget-text-editor\" data-id=\"0bacffd\" data-element_type=\"widget\" data-e-type=\"widget\" data-widget_type=\"text-editor.default\">\n\t\t\t\t\t\t\t\t\t<p data-path-to-node=\"6\">Costa Rica ofrece oportunidades incre\u00edbles para inversores y emprendedores, pero el camino hacia el \u00e9xito a menudo est\u00e1 pavimentado con burocracia. Desde la \"jungla\" de papeleo hasta la comprensi\u00f3n de los matices culturales locales, tratar de resolverlo todo por su cuenta puede ser costoso y llevar mucho tiempo.<\/p>\n<p data-path-to-node=\"7\">En Pacific Dreams Realty, no solo vendemos propiedades; compartimos conocimientos. Ofrecemos servicios de consultor\u00eda especializados para ayudarle a evitar las trampas comunes y acelerar sus objetivos.<\/p>\t\t\t\t\t\t\t\t<\/div>\n\t\t\t\t\t<\/div>\n\t\t\t\t<\/div>\n\t\t<div class=\"elementor-element elementor-element-7e7aac8 e-flex e-con-boxed e-con e-parent\" data-id=\"7e7aac8\" data-element_type=\"container\" data-e-type=\"container\">\n\t\t\t\t\t<div class=\"e-con-inner\">\n\t\t\t\t<div class=\"elementor-element elementor-element-5f8dea2 elementor-widget elementor-widget-text-editor\" data-id=\"5f8dea2\" data-element_type=\"widget\" data-e-type=\"widget\" data-widget_type=\"text-editor.default\">\n\t\t\t\t\t\t\t\t\t<h3 data-path-to-node=\"8\">Estrategia de Negocios e Inversi\u00f3n<\/h3>\n<p data-path-to-node=\"9\"><b>Creaci\u00f3n de la base de su negocio<\/b> Ya sea que est\u00e9 comenzando una nueva empresa o perfeccionando una existente, brindamos consejos pr\u00e1cticos sobre:<\/p>\n<ul data-path-to-node=\"10\">\n<li>\n<p data-path-to-node=\"10,0,0\"><b>Configuraci\u00f3n de Negocios:<\/b> Orientaci\u00f3n sobre las mejores estructuras corporativas para sus objetivos espec\u00edficos (S.A. vs. S.R.L.) y los pasos para registrarse legalmente.<\/p>\n<\/li>\n<li>\n<p data-path-to-node=\"10,1,0\"><b>Gesti\u00f3n Empresarial:<\/b> Asesoramiento pr\u00e1ctico sobre leyes laborales, obligaciones fiscales (Hacienda) y operaciones diarias en el mercado costarricense.<\/p>\n<\/li>\n<li>\n<p data-path-to-node=\"10,2,0\"><b>Soluciones Bancarias:<\/b> Abrir una cuenta bancaria es notoriamente dif\u00edcil para los extranjeros. Consultamos sobre los requisitos y procesos para que sus cuentas personales o corporativas sean aprobadas.<\/p>\n<\/li>\n<li>\n<p data-path-to-node=\"10,3,0\"><b>Asesoramiento de Inversi\u00f3n:<\/b> Planificaci\u00f3n estrat\u00e9gica para maximizar el ROI, identificar \u00e1reas de alto crecimiento y diversificar su cartera.<\/p>\n<\/li>\n<\/ul>\n<h3 data-path-to-node=\"11\">Consultor\u00eda de Hospitalidad y Alquileres<\/h3>\n<p data-path-to-node=\"12\"><b>Optimizaci\u00f3n de sus iniciativas tur\u00edsticas<\/b> Con nuestras profundas ra\u00edces en el sector tur\u00edstico, sabemos lo que esperan los hu\u00e9spedes y lo que necesitan los operadores.<\/p>\n<ul data-path-to-node=\"13\">\n<li>\n<p data-path-to-node=\"13,0,0\"><b>Configuraci\u00f3n de Alquiler Vacacional:<\/b> Desde el mobiliario y la fotograf\u00eda hasta el listado en Airbnb\/VRBO y la configuraci\u00f3n de estrategias de precios, le ayudamos a convertir su hogar en un generador de ingresos.<\/p>\n<\/li>\n<li>\n<p data-path-to-node=\"13,1,0\"><b>Consultor\u00eda de Restaurantes y Hoteles:<\/b> Asesoramiento operativo especializado para la industria hotelera, centrado en licencias, personal y experiencia del cliente.<\/p>\n<\/li>\n<li>\n<p data-path-to-node=\"13,2,0\"><b>Sistemas de Gesti\u00f3n de Propiedades:<\/b> Consultamos sobre las mejores pr\u00e1cticas para administrar sus propias propiedades, incluidas recomendaciones de software, protocolos de mantenimiento y relaciones con los hu\u00e9spedes.<\/p>\n<\/li>\n<\/ul>\n<h3 data-path-to-node=\"14\">Consultor\u00eda Legal e Inmobiliaria<\/h3>\n<p data-path-to-node=\"15\"><b>Asesoramiento experto sobre cuestiones complejas<\/b><\/p>\n<ul data-path-to-node=\"16\">\n<li>\n<p data-path-to-node=\"16,0,0\"><b>Consultor\u00eda Inmobiliaria:<\/b> An\u00e1lisis de tendencias del mercado, estudios de viabilidad para proyectos de desarrollo y regulaciones de zonificaci\u00f3n.<\/p>\n<\/li>\n<li>\n<p data-path-to-node=\"16,1,0\"><b>Consultor\u00eda Legal:<\/b> Si bien trabajamos con los mejores abogados para la ejecuci\u00f3n, brindamos la consultor\u00eda legal estrat\u00e9gica inicial para ayudarle a comprender sus derechos, riesgos y opciones antes de firmar en la l\u00ednea punteada.<\/p>\n<\/li>\n<\/ul>\t\t\t\t\t\t\t\t<\/div>\n\t\t\t\t\t<\/div>\n\t\t\t\t<\/div>\n\t\t<div class=\"elementor-element elementor-element-c38ca17 e-flex e-con-boxed e-con e-parent\" data-id=\"c38ca17\" data-element_type=\"container\" data-e-type=\"container\">\n\t\t\t\t\t<div class=\"e-con-inner\">\n\t\t\t\t<div class=\"elementor-element elementor-element-a60b27e elementor-widget elementor-widget-text-editor\" data-id=\"a60b27e\" data-element_type=\"widget\" data-e-type=\"widget\" data-widget_type=\"text-editor.default\">\n\t\t\t\t\t\t\t\t\t<p><b>Deje de adivinar y empiece a tener \u00e9xito.<\/b> Reserve una sesi\u00f3n de consulta con nosotros hoy y deje que nuestra experiencia se convierta en su ventaja.<\/p>\t\t\t\t\t\t\t\t<\/div>\n\t\t\t\t\t<\/div>\n\t\t\t\t<\/div>\n\t\t<div class=\"elementor-element elementor-element-81850a3 e-flex e-con-boxed e-con e-parent\" data-id=\"81850a3\" data-element_type=\"container\" data-e-type=\"container\">\n\t\t\t\t\t<div class=\"e-con-inner\">\n\t\t\t\t<div class=\"elementor-element elementor-element-e8d3be2 elementor-button-align-stretch elementor-widget elementor-widget-houzez_elementor_contact_form\" data-id=\"e8d3be2\" data-element_type=\"widget\" data-e-type=\"widget\" data-widget_type=\"houzez_elementor_contact_form.default\">\n\t\t\t\t<div class=\"elementor-widget-container\">\n\t\t\t\t\t\n        <script type=\"application\/javascript\">\n            jQuery(document).bind(\"ready\", function () {\n                houzezValidateElementor(\"#houzez-form-e8d3be2\" );\n            });\n        <\/script>\n\n        <form class=\"elementor-form houzez-ele-form-js\" id=\"houzez-form-e8d3be2\" method=\"post\" name=\"New Form\" action=\"https:\/\/pacificdreamsrealtycr.com\/wp-admin\/admin-ajax.php\">\n            <input type=\"hidden\" name=\"form_id\" value=\"e8d3be2\"\/>\n            <input type=\"hidden\" name=\"houzez_contact_form\" value=\"yes\"\/>\n            <input type=\"hidden\" name=\"action\" value=\"houzez_ele_contact_form\" \/>\n            <input type=\"hidden\" name=\"source_link\" value=\"https:\/\/pacificdreamsrealtycr.com\/es\/navigating-success-professional-consulting-services\/\" \/>\n            <input type=\"hidden\" name=\"lead_page_id\" value=\"8904\" \/>\n            <input type=\"hidden\" name=\"webhook\" value=\"false\" \/>\n            <input type=\"hidden\" name=\"webhook_url\" value=\"\" \/>\n            <input type=\"hidden\" name=\"redirect_to\" value=\"\" \/>\n            <input type=\"hidden\" name=\"google_recaptcha\" value=\"false\" \/>\n            \n\n            <div class=\"elementor-form-fields-wrapper elementor-labels-above\">\n\n                                    <div class=\"elementor-field-group elementor-column form-group elementor-field-group-name elementor-col-100\">\n                    <label for=\"form-field-name\" class=\"form-label elementor-field-label\">Nombre<\/label><input type=\"text\" name=\"name\" id=\"form-field-name\" class=\"elementor-field form-control elementor-size-sm elementor-field-textual\" placeholder=\"Nombre\" title=\"* Name\">                    <\/div>\n\n                                        <div class=\"elementor-field-group elementor-column form-group elementor-field-group-email elementor-col-100 elementor-field-required\">\n                    <label for=\"form-field-email\" class=\"form-label elementor-field-label\">Correo electr\u00f3nico<\/label><input type=\"email\" name=\"email\" id=\"form-field-email\" class=\"elementor-field form-control elementor-size-sm elementor-field-textual\" placeholder=\"Correo electr\u00f3nico\" title=\"* Correo electr\u00f3nico\" required=\"required\">                    <\/div>\n\n                                        <div class=\"elementor-field-group elementor-column form-group elementor-field-group-message elementor-col-100\">\n                    <label for=\"form-field-message\" class=\"form-label elementor-field-label\">Mensaje<\/label><textarea class=\"elementor-field-textual elementor-field elementor-size-sm\" name=\"message\" id=\"form-field-message\" rows=\"4\" placeholder=\"Mensaje\"><\/textarea>                    <\/div>\n\n                    \n                    \n                    \n                    \n                    <div class=\"elementor-field-group elementor-column elementor-field-type-submit elementor-col-100\">\n                    <button type=\"submit\" class=\"houzez-submit-button houzez-contact-form-js elementor-button elementor-size-sm\">\n                        <i class=\"houzez-loader-js houzez-hidden spinner-border spinner-border-sm\"><\/i>\n                                                    Enviar                                            <\/button>\n                <\/div>\n            <\/div><!-- End wrapper-->\n            <br\/>\n            <div class=\"ele-form-messages\"><\/div>\n            <div class=\"error-container\"><\/div>\n\n        <\/form>\n\n    \t\t\t\t<\/div>\n\t\t\t\t<\/div>\n\t\t\t\t\t<\/div>\n\t\t\t\t<\/div>\n\t\t\t\t<\/div>","protected":false},"excerpt":{"rendered":"<p>Costa Rica offers incredible opportunities for investors and entrepreneurs, but the path to success is often paved with bureaucracy. From the &#8220;jungle&#8221; of paperwork to understanding local cultural nuances, trying to figure it all out on your own can be costly and time-consuming. At Pacific Dreams Realty, we don&#8217;t just sell property; we share knowledge. [&hellip;]<\/p>\n","protected":false},"author":1,"featured_media":0,"parent":0,"menu_order":0,"comment_status":"closed","ping_status":"closed","template":"","meta":{"footnotes":""},"class_list":["post-8904","page","type-page","status-publish","hentry"],"_hostinger_reach_plugin_has_subscription_block":false,"_hostinger_reach_plugin_is_elementor":false,"_links":{"self":[{"href":"https:\/\/pacificdreamsrealtycr.com\/es\/wp-json\/wp\/v2\/pages\/8904","targetHints":{"allow":["GET"]}}],"collection":[{"href":"https:\/\/pacificdreamsrealtycr.com\/es\/wp-json\/wp\/v2\/pages"}],"about":[{"href":"https:\/\/pacificdreamsrealtycr.com\/es\/wp-json\/wp\/v2\/types\/page"}],"author":[{"embeddable":true,"href":"https:\/\/pacificdreamsrealtycr.com\/es\/wp-json\/wp\/v2\/users\/1"}],"replies":[{"embeddable":true,"href":"https:\/\/pacificdreamsrealtycr.com\/es\/wp-json\/wp\/v2\/comments?post=8904"}],"version-history":[{"count":4,"href":"https:\/\/pacificdreamsrealtycr.com\/es\/wp-json\/wp\/v2\/pages\/8904\/revisions"}],"predecessor-version":[{"id":8909,"href":"https:\/\/pacificdreamsrealtycr.com\/es\/wp-json\/wp\/v2\/pages\/8904\/revisions\/8909"}],"wp:attachment":[{"href":"https:\/\/pacificdreamsrealtycr.com\/es\/wp-json\/wp\/v2\/media?parent=8904"}],"curies":[{"name":"wp","href":"https:\/\/api.w.org\/{rel}","templated":true}]}}