{"id":8914,"date":"2025-12-17T12:18:15","date_gmt":"2025-12-17T18:18:15","guid":{"rendered":"https:\/\/pacificdreamsrealtycr.com\/?page_id=8914"},"modified":"2025-12-19T10:05:42","modified_gmt":"2025-12-19T16:05:42","slug":"peace-of-mind-profit-property-management-rentals","status":"publish","type":"page","link":"https:\/\/pacificdreamsrealtycr.com\/es\/peace-of-mind-profit-property-management-rentals\/","title":{"rendered":"Tranquilidad y Ganancias: Administraci\u00f3n de Propiedades y Alquileres"},"content":{"rendered":"<div data-elementor-type=\"wp-page\" data-elementor-id=\"8914\" class=\"elementor elementor-8914\">\n\t\t\t\t<div class=\"elementor-element elementor-element-52603641 e-flex e-con-boxed e-con e-parent\" data-id=\"52603641\" data-element_type=\"container\" data-e-type=\"container\">\n\t\t\t\t\t<div class=\"e-con-inner\">\n\t\t\t\t<div class=\"elementor-element elementor-element-412a74d9 elementor-widget elementor-widget-text-editor\" data-id=\"412a74d9\" data-element_type=\"widget\" data-e-type=\"widget\" data-widget_type=\"text-editor.default\">\n\t\t\t\t\t\t\t\t\t\n<h3 class=\"wp-block-heading\"><\/h3>\n\t\t\t\t\t\t\t\t<\/div>\n\t\t\t\t\t<\/div>\n\t\t\t\t<\/div>\n\t\t<div class=\"elementor-element elementor-element-1fe171e e-flex e-con-boxed e-con e-parent\" data-id=\"1fe171e\" data-element_type=\"container\" data-e-type=\"container\">\n\t\t\t\t\t<div class=\"e-con-inner\">\n\t\t\t\t<div class=\"elementor-element elementor-element-f0ac869 elementor-widget elementor-widget-image\" data-id=\"f0ac869\" data-element_type=\"widget\" data-e-type=\"widget\" data-widget_type=\"image.default\">\n\t\t\t\t\t\t\t\t\t\t\t\t\t\t\t<img fetchpriority=\"high\" decoding=\"async\" width=\"1024\" height=\"572\" src=\"https:\/\/pacificdreamsrealtycr.com\/wp-content\/uploads\/2025\/12\/check-in-property-management-1.webp\" class=\"attachment-large size-large wp-image-8937\" alt=\"\" srcset=\"https:\/\/pacificdreamsrealtycr.com\/wp-content\/uploads\/2025\/12\/check-in-property-management-1.webp 1200w, https:\/\/pacificdreamsrealtycr.com\/wp-content\/uploads\/2025\/12\/check-in-property-management-1-18x10.webp 18w\" sizes=\"(max-width: 1024px) 100vw, 1024px\" \/>\t\t\t\t\t\t\t\t\t\t\t\t\t\t\t<\/div>\n\t\t\t\t\t<\/div>\n\t\t\t\t<\/div>\n\t\t<div class=\"elementor-element elementor-element-7760bf0 e-flex e-con-boxed e-con e-parent\" data-id=\"7760bf0\" data-element_type=\"container\" data-e-type=\"container\">\n\t\t\t\t\t<div class=\"e-con-inner\">\n\t\t\t\t<div class=\"elementor-element elementor-element-bb12641 elementor-widget elementor-widget-text-editor\" data-id=\"bb12641\" data-element_type=\"widget\" data-e-type=\"widget\" data-widget_type=\"text-editor.default\">\n\t\t\t\t\t\t\t\t\t<p data-path-to-node=\"6\">Comprar una propiedad en Costa Rica es un sue\u00f1o; administrarla desde miles de kil\u00f3metros de distancia puede ser un desaf\u00edo. Necesita un equipo en el terreno en el que pueda confiar impl\u00edcitamente con su activo.<\/p>\n<p data-path-to-node=\"7\">En Pacific Dreams Realty, no solo le entregamos las llaves y nos vamos. A trav\u00e9s de nuestra empresa hermana, <a href=\"https:\/\/rentaspuravida.com\" target=\"_blank\" rel=\"noopener\"><b>Pura Vida Property Management and Rentals<\/b>,<\/a> brindamos una atenci\u00f3n postventa perfecta. <b>Establecida en 2003<\/b>, Pura Vida ha sido el est\u00e1ndar de oro para la administraci\u00f3n personalizada en el Pac\u00edfico Central durante m\u00e1s de dos d\u00e9cadas.<\/p>\n<h3 data-path-to-node=\"8\">Administraci\u00f3n Integral de Propiedades<\/h3>\n<p data-path-to-node=\"9\"><b>Cuidamos tu hogar como si fuera nuestro.<\/b> Ya sea que use su propiedad como una escapada privada de vacaciones o una residencia de tiempo completo, nuestros servicios de administraci\u00f3n personalizados aseguran que permanezca en condiciones pr\u00edstinas.<\/p>\n<ul data-path-to-node=\"10\">\n<li>\n<p data-path-to-node=\"10,0,0\"><b>Mantenimiento Preventivo:<\/b> Manejamos el tr\u00f3pico para que usted no tenga que hacerlo. Desde el servicio de aire acondicionado hasta el cuidado de la piscina y el paisajismo, detectamos peque\u00f1os problemas antes de que se conviertan en reparaciones costosas.<\/p>\n<\/li>\n<li>\n<p data-path-to-node=\"10,1,0\"><b>Pago de Facturas y Administraci\u00f3n:<\/b> Gestionamos todos los pagos de servicios p\u00fablicos locales, cuotas de mantenimiento (HOA) y obligaciones fiscales, asegurando que sus cuentas est\u00e9n siempre al d\u00eda.<\/p>\n<\/li>\n<li>\n<p data-path-to-node=\"10,2,0\"><b>Inspecciones Regulares:<\/b> Nuestro equipo realiza recorridos de rutina, envi\u00e1ndole actualizaciones y fotos para que siempre conozca el estado de su hogar.<\/p>\n<\/li>\n<\/ul>\n<h3 data-path-to-node=\"11\">Programa de Alquiler Vacacional<\/h3>\n<p data-path-to-node=\"12\"><b>Convierta su inversi\u00f3n en ingresos<\/b> Pura Vida Rentals no solo protege su propiedad; maximizamos su potencial. Nuestro programa de alquiler vacacional est\u00e1 dise\u00f1ado para generar retorno de inversi\u00f3n (ROI) mientras brinda experiencias de 5 estrellas a los hu\u00e9spedes.<\/p>\n<ul data-path-to-node=\"13\">\n<li>\n<p data-path-to-node=\"13,0,0\"><b>Maestr\u00eda en Marketing:<\/b> Listamos su propiedad en las principales plataformas globales y en nuestro propio sitio web de alto tr\u00e1fico, asegurando la m\u00e1xima ocupaci\u00f3n durante las temporadas alta y baja.<\/p>\n<\/li>\n<li>\n<p data-path-to-node=\"13,1,0\"><b>Servicios al Hu\u00e9sped:<\/b> Desde el check-in hasta el check-out, nos encargamos de todo: soporte de conserjer\u00eda, limpieza y respuesta a emergencias.<\/p>\n<\/li>\n<li>\n<p data-path-to-node=\"13,2,0\"><b>Informes Financieros:<\/b> Recibe estados de cuenta mensuales detallados que muestran sus ingresos y gastos de alquiler, simplificando la contabilidad.<\/p>\n<\/li>\n<\/ul>\t\t\t\t\t\t\t\t<\/div>\n\t\t\t\t\t<\/div>\n\t\t\t\t<\/div>\n\t\t<div class=\"elementor-element elementor-element-ce9d4fd e-flex e-con-boxed e-con e-parent\" data-id=\"ce9d4fd\" data-element_type=\"container\" data-e-type=\"container\">\n\t\t\t\t\t<div class=\"e-con-inner\">\n\t\t\t\t<div class=\"elementor-element elementor-element-e4ace74 elementor-widget elementor-widget-image\" data-id=\"e4ace74\" data-element_type=\"widget\" data-e-type=\"widget\" data-widget_type=\"image.default\">\n\t\t\t\t\t\t\t\t\t\t\t\t\t\t\t\t<a href=\"https:\/\/rentaspuravida.com\" target=\"_blank\" rel=\"noopener\">\n\t\t\t\t\t\t\t<img decoding=\"async\" width=\"300\" height=\"300\" src=\"https:\/\/pacificdreamsrealtycr.com\/wp-content\/uploads\/2025\/12\/Logo-PV.png\" class=\"attachment-medium size-medium wp-image-8774\" alt=\"\" srcset=\"https:\/\/pacificdreamsrealtycr.com\/wp-content\/uploads\/2025\/12\/Logo-PV.png 1200w, https:\/\/pacificdreamsrealtycr.com\/wp-content\/uploads\/2025\/12\/Logo-PV-12x12.png 12w, https:\/\/pacificdreamsrealtycr.com\/wp-content\/uploads\/2025\/12\/Logo-PV-780x780.png 780w\" sizes=\"(max-width: 300px) 100vw, 300px\" \/>\t\t\t\t\t\t\t\t<\/a>\n\t\t\t\t\t\t\t\t\t\t\t\t\t\t\t<\/div>\n\t\t\t\t\t<\/div>\n\t\t\t\t<\/div>\n\t\t<div class=\"elementor-element elementor-element-6f4be1d e-flex e-con-boxed e-con e-parent\" data-id=\"6f4be1d\" data-element_type=\"container\" data-e-type=\"container\">\n\t\t\t\t\t<div class=\"e-con-inner\">\n\t\t\t\t<div class=\"elementor-element elementor-element-fbb87b5 elementor-widget elementor-widget-text-editor\" data-id=\"fbb87b5\" data-element_type=\"widget\" data-e-type=\"widget\" data-widget_type=\"text-editor.default\">\n\t\t\t\t\t\t\t\t\t<p><b>Experimente la diferencia Pura Vida.<\/b> Aproveche la experiencia de una empresa que ha estado sirviendo a propietarios desde 2003. Cont\u00e1ctenos para discutir un plan de administraci\u00f3n adaptado a sus necesidades.<\/p>\t\t\t\t\t\t\t\t<\/div>\n\t\t\t\t\t<\/div>\n\t\t\t\t<\/div>\n\t\t<div class=\"elementor-element elementor-element-5b2ecd2 e-flex e-con-boxed e-con e-parent\" data-id=\"5b2ecd2\" data-element_type=\"container\" data-e-type=\"container\">\n\t\t\t\t\t<div class=\"e-con-inner\">\n\t\t<div class=\"elementor-element elementor-element-3a72e58 e-con-full e-flex e-con e-child\" data-id=\"3a72e58\" data-element_type=\"container\" data-e-type=\"container\">\n\t\t\t\t<div class=\"elementor-element elementor-element-3d977b7 elementor-button-align-stretch elementor-widget elementor-widget-houzez_elementor_contact_form\" data-id=\"3d977b7\" data-element_type=\"widget\" data-e-type=\"widget\" data-widget_type=\"houzez_elementor_contact_form.default\">\n\t\t\t\t<div class=\"elementor-widget-container\">\n\t\t\t\t\t\n        <script type=\"application\/javascript\">\n            jQuery(document).bind(\"ready\", function () {\n                houzezValidateElementor(\"#houzez-form-3d977b7\" );\n            });\n        <\/script>\n\n        <form class=\"elementor-form houzez-ele-form-js\" id=\"houzez-form-3d977b7\" method=\"post\" name=\"New Form\" action=\"https:\/\/pacificdreamsrealtycr.com\/wp-admin\/admin-ajax.php\">\n            <input type=\"hidden\" name=\"form_id\" value=\"3d977b7\"\/>\n            <input type=\"hidden\" name=\"houzez_contact_form\" value=\"yes\"\/>\n            <input type=\"hidden\" name=\"action\" value=\"houzez_ele_contact_form\" \/>\n            <input type=\"hidden\" name=\"source_link\" value=\"https:\/\/pacificdreamsrealtycr.com\/es\/peace-of-mind-profit-property-management-rentals\/\" \/>\n            <input type=\"hidden\" name=\"lead_page_id\" value=\"8914\" \/>\n            <input type=\"hidden\" name=\"webhook\" value=\"false\" \/>\n            <input type=\"hidden\" name=\"webhook_url\" value=\"\" \/>\n            <input type=\"hidden\" name=\"redirect_to\" value=\"\" \/>\n            <input type=\"hidden\" name=\"google_recaptcha\" value=\"false\" \/>\n            \n\n            <div class=\"elementor-form-fields-wrapper elementor-labels-above\">\n\n                                    <div class=\"elementor-field-group elementor-column form-group elementor-field-group-name elementor-col-100\">\n                    <label for=\"form-field-name\" class=\"form-label elementor-field-label\">Nombre<\/label><input type=\"text\" name=\"name\" id=\"form-field-name\" class=\"elementor-field form-control elementor-size-sm elementor-field-textual\" placeholder=\"Nombre\" title=\"* Name\">                    <\/div>\n\n                                        <div class=\"elementor-field-group elementor-column form-group elementor-field-group-email elementor-col-100 elementor-field-required\">\n                    <label for=\"form-field-email\" class=\"form-label elementor-field-label\">Correo electr\u00f3nico<\/label><input type=\"email\" name=\"email\" id=\"form-field-email\" class=\"elementor-field form-control elementor-size-sm elementor-field-textual\" placeholder=\"Correo electr\u00f3nico\" title=\"* Correo electr\u00f3nico\" required=\"required\">                    <\/div>\n\n                                        <div class=\"elementor-field-group elementor-column form-group elementor-field-group-message elementor-col-100\">\n                    <label for=\"form-field-message\" class=\"form-label elementor-field-label\">Mensaje<\/label><textarea class=\"elementor-field-textual elementor-field elementor-size-sm\" name=\"message\" id=\"form-field-message\" rows=\"4\" placeholder=\"Mensaje\"><\/textarea>                    <\/div>\n\n                    \n                    \n                    \n                    \n                    <div class=\"elementor-field-group elementor-column elementor-field-type-submit elementor-col-100\">\n                    <button type=\"submit\" class=\"houzez-submit-button houzez-contact-form-js elementor-button elementor-size-sm\">\n                        <i class=\"houzez-loader-js houzez-hidden spinner-border spinner-border-sm\"><\/i>\n                                                    Enviar                                            <\/button>\n                <\/div>\n            <\/div><!-- End wrapper-->\n            <br\/>\n            <div class=\"ele-form-messages\"><\/div>\n            <div class=\"error-container\"><\/div>\n\n        <\/form>\n\n    \t\t\t\t<\/div>\n\t\t\t\t<\/div>\n\t\t\t\t<\/div>\n\t\t\t\t\t<\/div>\n\t\t\t\t<\/div>\n\t\t\t\t<\/div>","protected":false},"excerpt":{"rendered":"<p>Buying a property in Costa Rica is a dream; managing it from thousands of miles away can be a challenge. You need a team on the ground that you can trust implicitly with your asset. At Pacific Dreams Realty, we don&#8217;t just hand you the keys and walk away. Through our sister company, Pura Vida [&hellip;]<\/p>\n","protected":false},"author":1,"featured_media":0,"parent":0,"menu_order":0,"comment_status":"closed","ping_status":"closed","template":"","meta":{"footnotes":""},"class_list":["post-8914","page","type-page","status-publish","hentry"],"_hostinger_reach_plugin_has_subscription_block":false,"_hostinger_reach_plugin_is_elementor":false,"_links":{"self":[{"href":"https:\/\/pacificdreamsrealtycr.com\/es\/wp-json\/wp\/v2\/pages\/8914","targetHints":{"allow":["GET"]}}],"collection":[{"href":"https:\/\/pacificdreamsrealtycr.com\/es\/wp-json\/wp\/v2\/pages"}],"about":[{"href":"https:\/\/pacificdreamsrealtycr.com\/es\/wp-json\/wp\/v2\/types\/page"}],"author":[{"embeddable":true,"href":"https:\/\/pacificdreamsrealtycr.com\/es\/wp-json\/wp\/v2\/users\/1"}],"replies":[{"embeddable":true,"href":"https:\/\/pacificdreamsrealtycr.com\/es\/wp-json\/wp\/v2\/comments?post=8914"}],"version-history":[{"count":13,"href":"https:\/\/pacificdreamsrealtycr.com\/es\/wp-json\/wp\/v2\/pages\/8914\/revisions"}],"predecessor-version":[{"id":8940,"href":"https:\/\/pacificdreamsrealtycr.com\/es\/wp-json\/wp\/v2\/pages\/8914\/revisions\/8940"}],"wp:attachment":[{"href":"https:\/\/pacificdreamsrealtycr.com\/es\/wp-json\/wp\/v2\/media?parent=8914"}],"curies":[{"name":"wp","href":"https:\/\/api.w.org\/{rel}","templated":true}]}}